{"id":11,"date":"2014-08-09T08:19:26","date_gmt":"2014-08-09T08:19:26","guid":{"rendered":"http:\/\/193.189.137.22\/~yang\/prunk.si\/?page_id=11"},"modified":"2024-06-02T20:28:06","modified_gmt":"2024-06-02T19:28:06","slug":"photography","status":"publish","type":"page","link":"https:\/\/janprunk.com\/?page_id=11","title":{"rendered":"Photography"},"content":{"rendered":"<h4>About me<\/h4>\n<p>I am a photographer. I mostly photograph concert events. If you are a music concert journalist interested in attending concert events and working with me, or if you are interested to publish my works, you are welcome to <a title=\"Contact\" href=\"https:\/\/janprunk.com\/?page_id=13\" target=\"_blank\" rel=\"noopener noreferrer\">contact me<\/a>.<\/p>\n<h4>Wikimedia Commons \/ Wikipedia license attribution<\/h4>\n<p>I publish my works on <a title=\"Wikimedia Commons\" href=\"https:\/\/commons.wikimedia.org\/wiki\/Main_Page\" target=\"_blank\" rel=\"noopener noreferrer\">Wikimedia Commons<\/a> under <a href=\"https:\/\/en.wikipedia.org\/wiki\/Creative_Commons_license\" target=\"_blank\" rel=\"noopener noreferrer\">Creative Commons<\/a> Attribution+ShareAlike ( <a title=\"CC BY-SA 3.0\" href=\"https:\/\/creativecommons.org\/licenses\/by-sa\/3.0\/\" target=\"_blank\" rel=\"noopener noreferrer\">CC BY-SA 3.0 <\/a>) license. You can reuse my works with proper attribution. When using my photographs in printed or electronic media, you must mention at least appropriate credit &#8220;<strong><small>\u00a9 Jan Prunk \/ Wikimedia Commons \/ CC BY-SA 3.0 &amp; GFDL<\/small><\/strong><small>&#8220;<\/small> or if there is shortage of space &#8220;<strong><small>\u00a9 Jan Prunk \/ Wikimedia Commons<\/small><\/strong><small>&#8220;.<\/small> Additionally, if there is sufficient space available please provide a <a href=\"https:\/\/creativecommons.org\/licenses\/by-sa\/3.0\/\" target=\"_blank\" rel=\"noopener noreferrer\">link to the license<\/a> and indicate if any changes were made. If you have any questions regarding the license or would like to obtain (additional) photographs in higher resolution and colour you should <a href=\"https:\/\/janprunk.com\/?page_id=13\" target=\"_blank\" rel=\"noopener noreferrer\">contact me<\/a>. The list of my works is available through Wikimedia Commons search option. I would also appreciate if you could e-mail me the link with web address or send me a copy of printed media where my photographs are published. You can reach me by e-mail address janprunk@gmail.com . My postal address for delivery will be revealed to you in e-mail reply. Thank you.<\/p>\n<h4>My works related to concert photography were published in the following (mainstream) Slovene and International printed and electronic media.<\/h4>\n<h4><strong>In Slovene printed media<br \/><\/strong><\/h4>\n<ul>\n<li><strong><a title=\"Delo\" href=\"http:\/\/www.delo.si\" target=\"_blank\" rel=\"noopener noreferrer\">Delo<\/a><\/strong><\/li>\n<li>Year 56 \/ nr. 156 \/ page 1 and 16, 8 July 2014<\/li>\n<li>\u00a0<\/li>\n<li><strong><a title=\"Dnevnik\" href=\"http:\/\/www.dnevnik.si\" target=\"_blank\" rel=\"noopener noreferrer\">Dnevnik<\/a><\/strong><\/li>\n<li>Year 63 \/ nr. 155 \/ page 21, 9 July 2013<\/li>\n<li>Year 64 \/ nr. 124 \/ page 23, 30 May 2016<\/li>\n<li>\u00a0<\/li>\n<li><strong><a href=\"http:\/\/www.mladina.si\" target=\"_blank\" rel=\"noopener noreferrer\">Mladina<\/a><\/strong><\/li>\n<li>Nr. 23 \/ page 66, 5 June 2015<\/li>\n<li>\u00a0<\/li>\n<li><a href=\"http:\/\/www.glasbenamladina.si\/\"><strong>Glasna<\/strong><\/a><\/li>\n<li>Year 43 \/ nr. 4 \/ page 5, August\/September 2012<\/li>\n<li>Year 45 \/ nr. 4 \/ page 34, August\/September 2014<\/li>\n<li>\u00a0<\/li>\n<li><strong><a href=\"http:\/\/www.kraljiulice.org\/\" target=\"_blank\" rel=\"noopener noreferrer\">Kralji ulice<\/a><\/strong><\/li>\n<li>Nr. 111 \/ page 22, August 2015<\/li>\n<li>Nr. 122 \/ page 24, July 2016<\/li>\n<li>Nr. 134 \/ page 24, July 2017<\/li>\n<li>Nr. 146 \/ page 22, July 2018<\/li>\n<\/ul>\n<h4><strong>In Slovene electronic media (on the Internet)<br \/><\/strong><\/h4>\n<ul>\n<li><strong><a title=\"Dnevnik\" href=\"http:\/\/www.dnevnik.si\" target=\"_blank\" rel=\"noopener noreferrer\">Dnevnik<\/a><\/strong> (2013, 2016)<\/li>\n<li><a title=\"54. Jazz festival\" href=\"http:\/\/www.dnevnik.si\/kultura\/glasba\/se-torej-zares-premika\" target=\"_blank\" rel=\"noopener noreferrer\">Se torej zares premika?<\/a><\/li>\n<li><a href=\"https:\/\/www.dnevnik.si\/1042736529\/kultura\/glasba\/druga-godba-2016-glasbena-in-zurerska-manicnost\" target=\"_blank\" rel=\"noopener noreferrer\">Druga godba 2016 : Glasbena in \u017eurerska mani\u010dnost<\/a><\/li>\n<li>\u00a0<\/li>\n<li><strong><a href=\"http:\/\/www.mladina.si\" target=\"_blank\" rel=\"noopener noreferrer\">Mladina<\/a><\/strong> (2016)<\/li>\n<li><a href=\"http:\/\/www.mladina.si\/174591\/godbe-visoke-intenzivnosti\/\" target=\"_blank\" rel=\"noopener noreferrer\">Godbe visoke intenzivnosti<\/a><\/li>\n<li>\u00a0<\/li>\n<li><strong><a title=\"RTV Slovenija\" href=\"http:\/\/www.rtvslo.si\" target=\"_blank\" rel=\"noopener noreferrer\">RTV Slovenija<\/a><\/strong> (2017)<\/li>\n<li><a href=\"https:\/\/www.rtvslo.si\/kultura\/glasba\/nazaj-v-prihodnost-z-dzezovsko-fuzijo\/418071\" target=\"_blank\" rel=\"noopener noreferrer\">Nazaj v prihodnost z d\u017eezovsko fuzijo<\/a><\/li>\n<li>\u00a0<\/li>\n<li><strong><a title=\"RockOnNet\" href=\"http:\/\/www.rockonnet.com\" target=\"_blank\" rel=\"noopener noreferrer\">RockOnNet<\/a><\/strong> (2012, 2014)<\/li>\n<li><a title=\"55. Jazz festival Ljubljana\" href=\"http:\/\/www.rockonnet.com\/2012\/07\/ditka-s-kitaro-in-pesmijo-v-noc\/\" target=\"_blank\" rel=\"noopener noreferrer\">Ditka: S kitaro in pesmijo v no\u010d<\/a><\/li>\n<li><a title=\"55. Jazz festival Ljubljana\" href=\"http:\/\/www.rockonnet.com\/2014\/07\/55-jazz-festival-ljubljana-in-the-country-joachim-kuhn-majid-bekkas-ramon-lopez-in-tarek-yamani-trio\/\" target=\"_blank\" rel=\"noopener noreferrer\">55. Jazz Festival Ljubljana: In the Country; Joachim K\u00fchn, Majid Bekkas, Ramon Lopez in Tarek Yamani Trio<\/a><\/li>\n<li><a title=\"55. Jazz festival Ljubljana\" href=\"http:\/\/www.rockonnet.com\/2014\/07\/55-jazz-festival-ljubljana-gianluca-petrella-hugo-carvanhais-cortex-zlatko-kaucic-the-necks-in-the-souljazz-orchestra\/\" target=\"_blank\" rel=\"noopener noreferrer\">55. Jazz festival Ljubljana: Gianluca Petrella &amp; Giovanni Guidi Duo; Hugo Carvanhais; Cortex; Zlatko Kau\u010di\u010d &amp; Agust\u00ed Fern\u00e1ndez; The Necks in The Souljazz Orchestra<\/a><\/li>\n<li>\u00a0<\/li>\n<li><strong><a href=\"http:\/\/veza.sigledal.org\/about-sigledal\/\" target=\"_blank\" rel=\"noopener noreferrer\">Web portal of Slovene performing arts<\/a><\/strong> (2014)<\/li>\n<li><a href=\"http:\/\/veza.sigledal.org\/prispevki\/v-smg-premiera-predstave-svetlane-makarovic-show-strahov\" target=\"_blank\" rel=\"noopener noreferrer\">V SMG premiera predstave Svetlane Makarovi\u010d Show strahov<\/a><\/li>\n<\/ul>\n<h4>In foreign electronic media (on the Internet)<\/h4>\n<ul>\n<li><strong><a href=\"http:\/\/jazzbluesnews.com\" target=\"_blank\" rel=\"noopener noreferrer\">Jazz Blues News<\/a> <\/strong>France (2019)<\/li>\n<li><a href=\"http:\/\/jazzbluesnews.com\/2019\/02\/07\/mark-de-clive-lowe-explores-his-japanese-heritage-on-the-checkout-live-at-berklee-photos-videos\/\" target=\"_blank\" rel=\"noopener noreferrer\">Mark de Clive-Lowe explores his japanese heritage on the Checkout llive at Berklee<\/a><\/li>\n<li>\u00a0<\/li>\n<li><a href=\"http:\/\/www.parmamorethanfood.com\" target=\"_blank\" rel=\"noopener noreferrer\"><strong>Parma more than food<\/strong><\/a> Italy (2015)<\/li>\n<li><a href=\"http:\/\/www.parmamorethanfood.com\/il-jimi-hendrix-del-deserto-inaugura-la-ix-edizione-del-barezzi-festival\/\" target=\"_blank\" rel=\"noopener noreferrer\">Il Jimi Hendrix del deserto inaugura la IX edizione del Barezzi Festival<\/a><\/li>\n<li><a href=\"https:\/\/www.umbriatourism.it\/en\/homepage\" target=\"_blank\" rel=\"noopener\"><strong>Umbria Tourism<\/strong><\/a> Italy (2021)<\/li>\n<li><a href=\"https:\/\/www.umbriatourism.it\/it\/-\/trasimeno-blues-2021\" target=\"_blank\" rel=\"noopener\">Trasimeno Blues Festival<\/a><\/li>\n<li>\u00a0<\/li>\n<li><strong><a href=\"http:\/\/en.bellebeirut.com\/\" target=\"_blank\" rel=\"noopener noreferrer\">BelleBeirut<\/a><\/strong> Lebanon (2015)<\/li>\n<li><a href=\"http:\/\/en.bellebeirut.com\/people\/lebanese-trumpeter-ibrahim-maalouf-composing-film-scores\/\" target=\"_blank\" rel=\"noopener noreferrer\">Lebanese trumpeter Ibrahim Maalouf is composing film scores!<\/a><\/li>\n<li>\u00a0<\/li>\n<li><strong><a href=\"https:\/\/www.nrk.no\" target=\"_blank\" rel=\"noopener noreferrer\">NRK<\/a><\/strong> Norway (2017)<\/li>\n<li><a href=\"https:\/\/www.nrk.no\/skole\/musikkparken\/de-uavhengige-plateselskapene-1.13349625\" target=\"_blank\" rel=\"noopener noreferrer\">De uavhengige plateselskapene<\/a><\/li>\n<li>\u00a0<\/li>\n<li><strong><a href=\"http:\/\/platine.pl\/\" target=\"_blank\" rel=\"noopener noreferrer\">Platine <\/a><\/strong>Poland (2013)<\/li>\n<li><a href=\"http:\/\/platine.pl\/kwartet-sex-mob-zagra-w-warszawie-0-1392462.html\" target=\"_blank\" rel=\"noopener noreferrer\">Kwartet Sex Mob zagra w Warszawie<\/a><\/li>\n<li><strong><a href=\"http:\/\/www.polskieradio.pl\" target=\"_blank\" rel=\"noopener noreferrer\">Polskie Radio<\/a><\/strong> Poland (2014)<\/li>\n<li><a href=\"http:\/\/www.polskieradio.pl\/8\/22\/Artykul\/1284131,Jazztopad-skusil-ojca-etiopskiego-jazzu\" target=\"_blank\" rel=\"noopener noreferrer\">Jazztopad skusi\u0142 ojca etiopskiego jazzu<\/a><\/li>\n<li><a href=\"http:\/\/www.radioram.pl\" target=\"_blank\" rel=\"noopener noreferrer\"><strong>Radio Ram<\/strong><\/a> Poland (2015)<\/li>\n<li><a href=\"http:\/\/www.radioram.pl\/articles\/view\/27075\/Mulatu-Astatke-na-zywo-we-Wroclawiu\" target=\"_blank\" rel=\"noopener noreferrer\">Mulatu Astatke na \u017cywo we Wroc\u0142awiu!<\/a><\/li>\n<li>\u00a0<\/li>\n<li><strong><a href=\"http:\/\/www.cultureontheoffensive.com\" target=\"_blank\" rel=\"noopener noreferrer\">Culture On The Offensive<\/a><\/strong> United Kingdom<\/li>\n<li><a href=\"http:\/\/www.cultureontheoffensive.com\/aconversationwithmarkdeclive-lowe\/\" target=\"_blank\" rel=\"noopener noreferrer\">Pop as the Soundtrack of Thinking : A Conversation with Mark de Clive-Lowe<\/a><\/li>\n<li>\u00a0<\/li>\n<li><a href=\"http:\/\/www.xpn.org\/\" target=\"_blank\" rel=\"noopener noreferrer\"><strong>Vinyl At Heart wxpn<\/strong><\/a> Pennsylvania, United States (2013)<\/li>\n<li><a href=\"http:\/\/thekey.xpn.org\/2013\/11\/14\/tonights-concert-pick-macy-gray-at-world-cafe-live-delco-pacers-at-milkboy-astronauts-really-fly-at-the-blockley-and-more\/\" target=\"_blank\" rel=\"noopener noreferrer\">Tonight&#8217;s Concert Picks: Macy Gray at World Cafe Live, Delco Pacers at MilkBoy, Astronauts Really Fly at the Blockley, and more<\/a><\/li>\n<li><strong><a href=\"https:\/\/walkthenight.com\/\" target=\"_blank\" rel=\"noopener noreferrer\">Walk the night<\/a><\/strong> California, United States (2015)<\/li>\n<li><a href=\"https:\/\/walkthenight.com\/la\/2015\/06\/23\/suicide-tuesdays-623\/\" target=\"_blank\" rel=\"noopener noreferrer\">Suicide Tuesdays 6\/23<\/a><\/li>\n<li><a href=\"http:\/\/wpsu.org\/\" target=\"_blank\" rel=\"noopener noreferrer\"><strong>WPSU Penn State<\/strong><\/a> Pennsylvania, United States (2016)<\/li>\n<li><a href=\"http:\/\/radio.wpsu.org\/post\/wpsu-jazz-archive-oct-7-2016\" target=\"_blank\" rel=\"noopener noreferrer\">WPSU Jazz Archive<\/a><\/li>\n<li><a href=\"http:\/\/www.thewimn.com\" target=\"_blank\" rel=\"noopener noreferrer\"><strong>The Women&#8217;s International Music Network<\/strong><\/a> California, United States (2017)<\/li>\n<li><a href=\"http:\/\/www.thewimn.com\/3-women-music\/\" target=\"_blank\" rel=\"noopener noreferrer\">3 Women in Music Who Do It All<\/a><\/li>\n<li><strong><a href=\"https:\/\/www.goodnewsnetwork.org\/\" target=\"_blank\" rel=\"noopener\">Good News Network<\/a><\/strong> Virginia, United States (2023)<\/li>\n<li><a href=\"https:\/\/www.goodnewsnetwork.org\/events060906\/\" target=\"_blank\" rel=\"noopener\">Good News in History, September 6<\/a><\/li>\n<li><strong><a href=\"https:\/\/bellatory.com\/\" target=\"_blank\" rel=\"noopener\">Bellatory<\/a><\/strong> New York, United States (2023)<\/li>\n<li><a href=\"https:\/\/bellatory.com\/hair\/Black-Female-Singers-with-Natural-Hair\" target=\"_blank\" rel=\"noopener\">Famous African American Female Singers With Natural Hair<\/a><\/li>\n<\/ul>\n<h4>Exhibitions<\/h4>\n<p><strong>Slovenia (2014)<\/strong><br \/><strong>Art selling exhibition for the benefits of flooded school in Obrenovac, Serbia<\/strong><\/p>\n<ul>\n<li><a href=\"http:\/\/www.rtvslo.si\" target=\"_blank\" rel=\"noopener noreferrer\"><strong>RTV Slovenija<\/strong><\/a><\/li>\n<li><a href=\"http:\/\/www.rtvslo.si\/kultura\/novice\/zrtvam-poplav-lahko-pomagate-tudi-z-nakupom-umetnine\/339798\" target=\"_blank\" rel=\"noopener noreferrer\">\u017drtvam poplav lahko pomagate tudi z nakupom umetnine<\/a><\/li>\n<li><a href=\"http:\/\/www.cosmopolitan.si\" target=\"_blank\" rel=\"noopener noreferrer\"><strong>Cosmopolitan<\/strong><\/a><\/li>\n<li><a href=\"http:\/\/www.cosmopolitan.si\/aktualno\/solidarnostna-drazba-umetniskih-del-za-obnovo-sole-v-obrenovcu\/\" target=\"_blank\" rel=\"noopener noreferrer\">Solidarnostna dra\u017eba umetni\u0161kih del za obnovo \u0161ole v Obrenovcu<\/a><\/li>\n<li><a href=\"http:\/\/www.napovednik.com\" target=\"_blank\" rel=\"noopener noreferrer\"><strong>Napovednik<\/strong><\/a><\/li>\n<li><a href=\"http:\/\/www.napovednik.com\/dogodek307906_dobrodelna_prodajna_razstava_one_night_stand\" target=\"_blank\" rel=\"noopener noreferrer\">Dobrodelna prodajna razstava &#8211; One night stand<\/a><\/li>\n<li><a href=\"http:\/\/www.kud.si\" target=\"_blank\" rel=\"noopener noreferrer\"><strong>KUD France Pre\u0161eren<\/strong><\/a><\/li>\n<li><a href=\"http:\/\/www.kud.si\/index.php\/Projekt:Sodelovanja\/Zbirka_Zakladek\" target=\"_blank\" rel=\"noopener noreferrer\">Zbirka zakladek &#8211; Dobrodelna prodajna razstava<\/a><\/li>\n<\/ul>\n<h4>Many thanks to (in alphabetical order)<\/h4>\n<p><a href=\"https:\/\/www.facebook.com\/mirjam.gostincar\/\" target=\"_blank\" rel=\"noopener noreferrer\">Mirjam Gostin\u010dar<\/a>, <a href=\"http:\/\/www.irenakazazic.com\/\" target=\"_blank\" rel=\"noopener noreferrer\">Irena Kazazi\u0107<\/a>, <a href=\"https:\/\/photon.si\/artists\/borut-krajnc\/\" target=\"_blank\" rel=\"noopener noreferrer\">Borut Krajnc<\/a>, <a href=\"http:\/\/ninanovak-oiseau.com\/\" target=\"_blank\" rel=\"noopener noreferrer\">Nina Novak Oiseau<\/a>, <a href=\"http:\/\/www.pixoto.com\/aleksander.petric\" target=\"_blank\" rel=\"noopener noreferrer\">Aleksander Petri\u010d<\/a>, <a href=\"https:\/\/www.facebook.com\/FotoAvenija-104257889609267\/\" target=\"_blank\" rel=\"noopener noreferrer\">Matej Rojina<\/a>, <a href=\"https:\/\/alenka.net\" target=\"_blank\" rel=\"noopener\">Alenka Ana Stante<\/a>, Matej \u0160talcer, <a href=\"https:\/\/uni-aas.academia.edu\/I%C4%8DoVidmar\" target=\"_blank\" rel=\"noopener\">I\u010do Vidmar<\/a><\/p>\n<p><strong>Photographs displayed on this website were made by me.<\/strong><\/p>\n\n\n<p><\/p>\n","protected":false},"excerpt":{"rendered":"<p>About me I am a photographer. I mostly photograph concert events. If you are a music concert journalist interested in attending concert events and working with me, or if you are interested to publish my works, you are welcome to contact me. Wikimedia Commons \/ Wikipedia license attribution I publish my works on Wikimedia Commons [&hellip;]<\/p>\n","protected":false},"author":1,"featured_media":0,"parent":0,"menu_order":3,"comment_status":"closed","ping_status":"closed","template":"","meta":{"footnotes":"","_links_to":"","_links_to_target":""},"class_list":["post-11","page","type-page","status-publish","hentry"],"_links":{"self":[{"href":"https:\/\/janprunk.com\/index.php?rest_route=\/wp\/v2\/pages\/11","targetHints":{"allow":["GET"]}}],"collection":[{"href":"https:\/\/janprunk.com\/index.php?rest_route=\/wp\/v2\/pages"}],"about":[{"href":"https:\/\/janprunk.com\/index.php?rest_route=\/wp\/v2\/types\/page"}],"author":[{"embeddable":true,"href":"https:\/\/janprunk.com\/index.php?rest_route=\/wp\/v2\/users\/1"}],"replies":[{"embeddable":true,"href":"https:\/\/janprunk.com\/index.php?rest_route=%2Fwp%2Fv2%2Fcomments&post=11"}],"version-history":[{"count":131,"href":"https:\/\/janprunk.com\/index.php?rest_route=\/wp\/v2\/pages\/11\/revisions"}],"predecessor-version":[{"id":6524,"href":"https:\/\/janprunk.com\/index.php?rest_route=\/wp\/v2\/pages\/11\/revisions\/6524"}],"wp:attachment":[{"href":"https:\/\/janprunk.com\/index.php?rest_route=%2Fwp%2Fv2%2Fmedia&parent=11"}],"curies":[{"name":"wp","href":"https:\/\/api.w.org\/{rel}","templated":true}]}}